{"id":41,"date":"2016-10-07T14:40:16","date_gmt":"2016-10-07T14:40:16","guid":{"rendered":"https:\/\/parkkajetany.pl\/?page_id=41"},"modified":"2022-05-23T09:11:22","modified_gmt":"2022-05-23T09:11:22","slug":"kontakt","status":"publish","type":"page","link":"https:\/\/parkkajetany.pl\/pl\/kontakt\/","title":{"rendered":"KONTAKT"},"content":{"rendered":"<div id=\"pl-41\"  class=\"panel-layout\" ><div id=\"pg-41-0\"  class=\"panel-grid panel-no-style\" ><div id=\"pgc-41-0-0\"  class=\"panel-grid-cell panel-grid-cell-empty\" ><\/div><\/div><div id=\"pg-41-1\"  class=\"panel-grid panel-no-style\" ><div id=\"pgc-41-1-0\"  class=\"panel-grid-cell\" ><div id=\"panel-41-1-0-0\" class=\"so-panel widget widget_sow-editor panel-first-child panel-last-child\" data-index=\"0\" ><div\n\t\t\t\n\t\t\tclass=\"so-widget-sow-editor so-widget-sow-editor-base\"\n\t\t\t\n\t\t>\n<div class=\"siteorigin-widget-tinymce textwidget\">\n\t<p><script src=\"https:\/\/wis.upperbooking.com\/hotelparkkajetany\/newbooking?locale=pl\" async><\/script><\/p>\n<p>&nbsp;<\/p>\n<p><b>HOTEL PARK KAJETANY ***<\/b><\/p>\n<p style=\"padding-left: 30px;\" align=\"JUSTIFY\">ul. Mokra 7, 05-830 Kajetany, Nadarzyn<\/p>\n<p align=\"JUSTIFY\"><strong>RECEPCJA<\/strong><\/p>\n<p style=\"padding-left: 30px;\" align=\"JUSTIFY\"><span lang=\"en-US\">Tel.: +48 22 463 54 00<br \/>\nFax: +48 22 463 54 01<br \/>\n<\/span><span lang=\"zxx\"><u><a href=\"mailto:recepcja@parkkajetany.pl\"><span lang=\"en-US\">recepcja@parkkajetany.pl<\/span><\/a><\/u><\/span><span lang=\"en-US\">\u00a0<\/span><\/p>\n<p style=\"padding-left: 30px;\" align=\"JUSTIFY\">PARK KAJETANY Sp. z\u00a0o.o.<br \/>\nul. Mokra 7, 05-830 Kajetany, Nadarzyn<\/p>\n<p style=\"padding-left: 30px;\" align=\"JUSTIFY\">NIP: 5342486793<br \/>\nREGON: 146179193<br \/>\nKRS: 0000424761<\/p>\n<p align=\"JUSTIFY\"><strong>ORGANIZACJA WYDARZE\u0143<\/strong><\/p>\n<p style=\"text-align: left;\" align=\"JUSTIFY\">(konferencje, szkolenia, spotkania biznesowe, przyj\u0119cia okoliczno\u015bciowe)<\/p>\n<p>Piotr Kaczmarek<\/p>\n<p>tel. +48 607 222 898<\/p>\n<p>e-mail: <a href=\"mailto:p.kaczmarek@parkkajetany.pl\">p.kaczmarek@parkkajetany.pl<\/a><\/p>\n<p align=\"JUSTIFY\">\n<\/div>\n<\/div><\/div><\/div><div id=\"pgc-41-1-1\"  class=\"panel-grid-cell\" ><div id=\"panel-41-1-1-0\" class=\"so-panel widget widget_sow-editor panel-first-child panel-last-child\" data-index=\"1\" ><div\n\t\t\t\n\t\t\tclass=\"so-widget-sow-editor so-widget-sow-editor-base\"\n\t\t\t\n\t\t>\n<div class=\"siteorigin-widget-tinymce textwidget\">\n\t<p><iframe loading=\"lazy\" src=\"https:\/\/www.google.com\/maps\/embed?pb=!1m18!1m12!1m3!1d2451.056682334698!2d20.81939261579174!3d52.09689997973628!2m3!1f0!2f0!3f0!3m2!1i1024!2i768!4f13.1!3m3!1m2!1s0x0%3A0xc231dca8d26d40a5!2sHotel+Park+Kajetany!5e0!3m2!1spl!2spl!4v1513806905869\" width=\"400\" height=\"450\" frameborder=\"0\" style=\"border:0\" allowfullscreen><\/iframe><\/p>\n<\/div>\n<\/div><\/div><\/div><\/div><div id=\"pg-41-2\"  class=\"panel-grid panel-no-style\" ><div id=\"pgc-41-2-0\"  class=\"panel-grid-cell\" ><div id=\"panel-41-2-0-0\" class=\"so-panel widget widget_sow-editor panel-first-child panel-last-child\" data-index=\"2\" ><div\n\t\t\t\n\t\t\tclass=\"so-widget-sow-editor so-widget-sow-editor-base\"\n\t\t\t\n\t\t>\n<div class=\"siteorigin-widget-tinymce textwidget\">\n\t<h3>FORMULARZ KONTAKTOWY<\/h3>\n\n<div class=\"wpcf7 no-js\" id=\"wpcf7-f4-o1\" lang=\"pl-PL\" dir=\"ltr\">\n<div class=\"screen-reader-response\"><p role=\"status\" aria-live=\"polite\" aria-atomic=\"true\"><\/p> <ul><\/ul><\/div>\n<form action=\"\/pl\/wp-json\/wp\/v2\/pages\/41#wpcf7-f4-o1\" method=\"post\" class=\"wpcf7-form init\" aria-label=\"Formularz kontaktowy\" novalidate=\"novalidate\" data-status=\"init\">\n<div style=\"display: none;\">\n<input type=\"hidden\" name=\"_wpcf7\" value=\"4\" \/>\n<input type=\"hidden\" name=\"_wpcf7_version\" value=\"5.7.7\" \/>\n<input type=\"hidden\" name=\"_wpcf7_locale\" value=\"pl_PL\" \/>\n<input type=\"hidden\" name=\"_wpcf7_unit_tag\" value=\"wpcf7-f4-o1\" \/>\n<input type=\"hidden\" name=\"_wpcf7_container_post\" value=\"0\" \/>\n<input type=\"hidden\" name=\"_wpcf7_posted_data_hash\" value=\"\" \/>\n<\/div>\n<p>Imi\u0119 i nazwisko (wymagane)\n<\/p>\n<p><span class=\"wpcf7-form-control-wrap\" data-name=\"your-name\"><input size=\"40\" class=\"wpcf7-form-control wpcf7-text wpcf7-validates-as-required\" aria-required=\"true\" aria-invalid=\"false\" value=\"\" type=\"text\" name=\"your-name\" \/><\/span>\n<\/p>\n<p>Adres email (wymagane)\n<\/p>\n<p><span class=\"wpcf7-form-control-wrap\" data-name=\"your-email\"><input size=\"40\" class=\"wpcf7-form-control wpcf7-text wpcf7-email wpcf7-validates-as-required wpcf7-validates-as-email\" aria-required=\"true\" aria-invalid=\"false\" value=\"\" type=\"email\" name=\"your-email\" \/><\/span>\n<\/p>\n<p>Temat\n<\/p>\n<p><span class=\"wpcf7-form-control-wrap\" data-name=\"your-subject\"><input size=\"40\" class=\"wpcf7-form-control wpcf7-text\" aria-invalid=\"false\" value=\"\" type=\"text\" name=\"your-subject\" \/><\/span>\n<\/p>\n<p>Tre\u015b\u0107 wiadomo\u015bci\n<\/p>\n<p><span class=\"wpcf7-form-control-wrap\" data-name=\"your-message\"><textarea cols=\"40\" rows=\"10\" class=\"wpcf7-form-control wpcf7-textarea\" aria-invalid=\"false\" name=\"your-message\"><\/textarea><\/span>\n<\/p>\n<p><input class=\"wpcf7-form-control has-spinner wpcf7-submit\" type=\"submit\" value=\"Wy\u015blij\" \/>\n<\/p><div class=\"wpcf7-response-output\" aria-hidden=\"true\"><\/div>\n<\/form>\n<\/div>\n\n<\/div>\n<\/div><\/div><\/div><\/div><\/div>","protected":false},"excerpt":{"rendered":"<p>&nbsp; HOTEL PARK KAJETANY *** ul. Mokra 7, 05-830 Kajetany, Nadarzyn RECEPCJA Tel.: +48 22 463 54 00 Fax: +48 22 463 54 01 recepcja@parkkajetany.pl\u00a0 PARK KAJETANY Sp. z\u00a0o.o. ul. Mokra 7, 05-830 Kajetany, Nadarzyn NIP: 5342486793 REGON: 146179193 KRS: 0000424761 ORGANIZACJA WYDARZE\u0143 (konferencje, szkolenia, spotkania biznesowe, przyj\u0119cia okoliczno\u015bciowe) Piotr&#8230; <\/p>\n","protected":false},"author":2,"featured_media":639,"parent":0,"menu_order":0,"comment_status":"closed","ping_status":"closed","template":"","meta":[],"categories":[],"tags":[],"aioseo_notices":[],"jetpack_shortlink":"https:\/\/wp.me\/P8N4s2-F","_links":{"self":[{"href":"https:\/\/parkkajetany.pl\/pl\/wp-json\/wp\/v2\/pages\/41"}],"collection":[{"href":"https:\/\/parkkajetany.pl\/pl\/wp-json\/wp\/v2\/pages"}],"about":[{"href":"https:\/\/parkkajetany.pl\/pl\/wp-json\/wp\/v2\/types\/page"}],"author":[{"embeddable":true,"href":"https:\/\/parkkajetany.pl\/pl\/wp-json\/wp\/v2\/users\/2"}],"replies":[{"embeddable":true,"href":"https:\/\/parkkajetany.pl\/pl\/wp-json\/wp\/v2\/comments?post=41"}],"version-history":[{"count":5,"href":"https:\/\/parkkajetany.pl\/pl\/wp-json\/wp\/v2\/pages\/41\/revisions"}],"predecessor-version":[{"id":1284,"href":"https:\/\/parkkajetany.pl\/pl\/wp-json\/wp\/v2\/pages\/41\/revisions\/1284"}],"wp:featuredmedia":[{"embeddable":true,"href":"https:\/\/parkkajetany.pl\/pl\/wp-json\/wp\/v2\/media\/639"}],"wp:attachment":[{"href":"https:\/\/parkkajetany.pl\/pl\/wp-json\/wp\/v2\/media?parent=41"}],"wp:term":[{"taxonomy":"category","embeddable":true,"href":"https:\/\/parkkajetany.pl\/pl\/wp-json\/wp\/v2\/categories?post=41"},{"taxonomy":"post_tag","embeddable":true,"href":"https:\/\/parkkajetany.pl\/pl\/wp-json\/wp\/v2\/tags?post=41"}],"curies":[{"name":"wp","href":"https:\/\/api.w.org\/{rel}","templated":true}]}}