{"id":3999,"date":"2025-06-05T10:58:05","date_gmt":"2025-06-05T10:58:05","guid":{"rendered":"https:\/\/parkkajetany.pl\/?page_id=3999"},"modified":"2025-06-13T12:32:12","modified_gmt":"2025-06-13T12:32:12","slug":"masaz","status":"publish","type":"page","link":"https:\/\/parkkajetany.pl\/pl\/masaz\/","title":{"rendered":"Masa\u017c"},"content":{"rendered":"<p>Strefa SPA Hotelu Park Kajetany zosta\u0142a poszerzona o r\u00f3\u017cne rodzaje masa\u017cy. Dzi\u0119ki bogatej ofercie strefy ka\u017cdy znajdzie co\u015b dla siebie.<\/p>\n<p>Nasi Go\u015bcie mog\u0105 skorzysta\u0107 z\u00a0<strong>masa\u017cu klasycznego<\/strong>, kt\u00f3ry skutecznie redukuje napi\u0119cie mi\u0119\u015bniowe, poprawia kr\u0105\u017cenie i\u00a0przynosi ulg\u0119 po ci\u0119\u017ckim dniu. W\u00a0ofercie dost\u0119pny jest <strong>masa\u017c klasyczny plec\u00f3w<\/strong> oraz <strong>masa\u017c klasyczny ca\u0142ego cia\u0142a<\/strong>.<\/p>\n<p><img loading=\"lazy\" class=\"alignnone wp-image-4013\" src=\"https:\/\/parkkajetany.pl\/wp-content\/uploads\/2025\/06\/zblizenie-dloni-robi-alternatywna-terapie-1-744x495.jpg\" alt=\"\" width=\"838\" height=\"558\" srcset=\"https:\/\/parkkajetany.pl\/wp-content\/uploads\/2025\/06\/zblizenie-dloni-robi-alternatywna-terapie-1-744x495.jpg 744w, https:\/\/parkkajetany.pl\/wp-content\/uploads\/2025\/06\/zblizenie-dloni-robi-alternatywna-terapie-1-336x223.jpg 336w, https:\/\/parkkajetany.pl\/wp-content\/uploads\/2025\/06\/zblizenie-dloni-robi-alternatywna-terapie-1-768x511.jpg 768w, https:\/\/parkkajetany.pl\/wp-content\/uploads\/2025\/06\/zblizenie-dloni-robi-alternatywna-terapie-1-272x182.jpg 272w, https:\/\/parkkajetany.pl\/wp-content\/uploads\/2025\/06\/zblizenie-dloni-robi-alternatywna-terapie-1.jpg 1200w\" sizes=\"(max-width: 838px) 100vw, 838px\" \/><\/p>\n<p>Oferujemy tak\u017ce <strong>masa\u017c relaksacyjny<\/strong>, kt\u00f3ry jest doskona\u0142ym wyborem dla os\u00f3b potrzebuj\u0105cych odpr\u0119\u017cenia i\u00a0wyciszenia. Delikatne, harmonijne ruchy ukoj\u0105 zmys\u0142y, zrelaksuj\u0105 cia\u0142o i\u00a0umys\u0142. Dost\u0119pne zabiegi obejmuj\u0105 <strong>masa\u017c relaksacyjny plec\u00f3w<\/strong>, <strong>masa\u017c relaksacyjny ca\u0142ego cia\u0142a <\/strong>oraz <strong>masa\u017c relaksacyjny szyi<\/strong>.<\/p>\n<p><img loading=\"lazy\" class=\"alignnone wp-image-4014\" src=\"https:\/\/parkkajetany.pl\/wp-content\/uploads\/2025\/06\/kobieta-dostaje-masaz-plecow-od-masazysty-1200x768-1-744x476.jpg\" alt=\"\" width=\"836\" height=\"535\" srcset=\"https:\/\/parkkajetany.pl\/wp-content\/uploads\/2025\/06\/kobieta-dostaje-masaz-plecow-od-masazysty-1200x768-1-744x476.jpg 744w, https:\/\/parkkajetany.pl\/wp-content\/uploads\/2025\/06\/kobieta-dostaje-masaz-plecow-od-masazysty-1200x768-1-336x215.jpg 336w, https:\/\/parkkajetany.pl\/wp-content\/uploads\/2025\/06\/kobieta-dostaje-masaz-plecow-od-masazysty-1200x768-1-768x492.jpg 768w, https:\/\/parkkajetany.pl\/wp-content\/uploads\/2025\/06\/kobieta-dostaje-masaz-plecow-od-masazysty-1200x768-1.jpg 1200w\" sizes=\"(max-width: 836px) 100vw, 836px\" \/><\/p>\n<p>Go\u015bcie hotelu mog\u0105 r\u00f3wnie\u017c skorzysta\u0107 z\u00a0<strong>masa\u017c\u00f3w relaksacyjnych \u015bwiec\u0105<\/strong>. To co\u015b wi\u0119cej, ni\u017c zwyk\u0142y zabieg \u2014 to po\u0142\u0105czenie masa\u017cu i\u00a0aromaterapii. Ciep\u0142y olej ze \u015bwiecy otula sk\u00f3r\u0119, a\u00a0mi\u0119kkie ruchy masa\u017cysty wprowadzaj\u0105 w\u00a0stan g\u0142\u0119bokiego odpr\u0119\u017cenia. Tak\u017ce w\u00a0tym wypadku w\u00a0ofercie mo\u017cna znale\u017a\u0107 <strong>masa\u017c relaksacyjny \u015bwiec\u0105 plec\u00f3w<\/strong> i\u00a0<strong>masa\u017c relaksacyjny \u015bwiec\u0105 ca\u0142ego cia\u0142a<\/strong>.<\/p>\n<p><img loading=\"lazy\" class=\" wp-image-4015\" src=\"https:\/\/parkkajetany.pl\/wp-content\/uploads\/2025\/06\/zblizenie-kobiety-trzymajacej-sie-za-rece-1200x768-1-744x476.jpg\" alt=\"\" width=\"843\" height=\"539\" srcset=\"https:\/\/parkkajetany.pl\/wp-content\/uploads\/2025\/06\/zblizenie-kobiety-trzymajacej-sie-za-rece-1200x768-1-744x476.jpg 744w, https:\/\/parkkajetany.pl\/wp-content\/uploads\/2025\/06\/zblizenie-kobiety-trzymajacej-sie-za-rece-1200x768-1-336x215.jpg 336w, https:\/\/parkkajetany.pl\/wp-content\/uploads\/2025\/06\/zblizenie-kobiety-trzymajacej-sie-za-rece-1200x768-1-768x492.jpg 768w, https:\/\/parkkajetany.pl\/wp-content\/uploads\/2025\/06\/zblizenie-kobiety-trzymajacej-sie-za-rece-1200x768-1.jpg 1200w\" sizes=\"(max-width: 843px) 100vw, 843px\" \/><\/p>\n<p>Naturalny lifting i g\u0142\u0119boki relaks gwarantuje <strong>masa\u017c twarzy<\/strong>. Pobudza mikrokr\u0105\u017cenie, poprawia napi\u0119cie sk\u00f3ry i nadaje blasku cerze.<\/p>\n<p><img loading=\"lazy\" class=\" wp-image-4020\" src=\"https:\/\/parkkajetany.pl\/wp-content\/uploads\/2025\/06\/mloda-kobieta-otrzymania-masaz-glowy-w-centrum-spa-1200x768-1-744x476.jpg\" alt=\"\" width=\"839\" height=\"536\" srcset=\"https:\/\/parkkajetany.pl\/wp-content\/uploads\/2025\/06\/mloda-kobieta-otrzymania-masaz-glowy-w-centrum-spa-1200x768-1-744x476.jpg 744w, https:\/\/parkkajetany.pl\/wp-content\/uploads\/2025\/06\/mloda-kobieta-otrzymania-masaz-glowy-w-centrum-spa-1200x768-1-336x215.jpg 336w, https:\/\/parkkajetany.pl\/wp-content\/uploads\/2025\/06\/mloda-kobieta-otrzymania-masaz-glowy-w-centrum-spa-1200x768-1-768x492.jpg 768w, https:\/\/parkkajetany.pl\/wp-content\/uploads\/2025\/06\/mloda-kobieta-otrzymania-masaz-glowy-w-centrum-spa-1200x768-1.jpg 1200w\" sizes=\"(max-width: 839px) 100vw, 839px\" \/><\/p>\n<p>Oferta Strefy SPA Hotelu Park Kajetany*** obejmuje r\u00f3wnie\u017c <strong>masa\u017c od\u017cywczy ba\u0144k\u0105 chi\u0144sk\u0105<\/strong>. To intensywny masa\u017c pr\u00f3\u017cniowy, kt\u00f3ry poprawia j\u0119drno\u015b\u0107 sk\u00f3ry, wspomaga detoksykacj\u0119 i modelowanie sylwetki. Widoczne efekty i g\u0142\u0119boka rewitalizacja zaspokoj\u0105 nawet najbardziej wymagaj\u0105cych.<\/p>\n<p><img loading=\"lazy\" class=\"alignnone wp-image-4026 \" src=\"https:\/\/parkkajetany.pl\/wp-content\/uploads\/2025\/06\/AdobeStock_121703789-1350x900-1-744x496.jpeg\" alt=\"\" width=\"824\" height=\"549\" srcset=\"https:\/\/parkkajetany.pl\/wp-content\/uploads\/2025\/06\/AdobeStock_121703789-1350x900-1-744x496.jpeg 744w, https:\/\/parkkajetany.pl\/wp-content\/uploads\/2025\/06\/AdobeStock_121703789-1350x900-1-1200x800.jpeg 1200w, https:\/\/parkkajetany.pl\/wp-content\/uploads\/2025\/06\/AdobeStock_121703789-1350x900-1-336x224.jpeg 336w, https:\/\/parkkajetany.pl\/wp-content\/uploads\/2025\/06\/AdobeStock_121703789-1350x900-1-768x512.jpeg 768w, https:\/\/parkkajetany.pl\/wp-content\/uploads\/2025\/06\/AdobeStock_121703789-1350x900-1-272x182.jpeg 272w, https:\/\/parkkajetany.pl\/wp-content\/uploads\/2025\/06\/AdobeStock_121703789-1350x900-1.jpeg 1350w\" sizes=\"(max-width: 824px) 100vw, 824px\" \/><\/p>\n<p><strong>Masa\u017c gor\u0105cymi kamieniami<\/strong> to naturalna forma relaksu dla ka\u017cdego, kto potrzebuje chwili wytchnienia. Po\u0142\u0105czenie ciep\u0142a i delikatnego masa\u017cu pomaga rozlu\u017ani\u0107 spi\u0119te mi\u0119\u015bnie, poprawi\u0107 kr\u0105\u017cenie i przywr\u00f3ci\u0107 wewn\u0119trzny spok\u00f3j.<\/p>\n<p><img loading=\"lazy\" class=\"alignnone wp-image-4017\" src=\"https:\/\/parkkajetany.pl\/wp-content\/uploads\/2025\/06\/zblizenie-dloni-trzymajacych-kamienie-1200x768-2-744x476.jpg\" alt=\"\" width=\"829\" height=\"531\" srcset=\"https:\/\/parkkajetany.pl\/wp-content\/uploads\/2025\/06\/zblizenie-dloni-trzymajacych-kamienie-1200x768-2-744x476.jpg 744w, https:\/\/parkkajetany.pl\/wp-content\/uploads\/2025\/06\/zblizenie-dloni-trzymajacych-kamienie-1200x768-2-336x215.jpg 336w, https:\/\/parkkajetany.pl\/wp-content\/uploads\/2025\/06\/zblizenie-dloni-trzymajacych-kamienie-1200x768-2-768x492.jpg 768w, https:\/\/parkkajetany.pl\/wp-content\/uploads\/2025\/06\/zblizenie-dloni-trzymajacych-kamienie-1200x768-2.jpg 1200w\" sizes=\"(max-width: 829px) 100vw, 829px\" \/><\/p>\n<p>Zabiegi dost\u0119pne s\u0105 zar\u00f3wno dla Go\u015bci hotelowych, jak i dla Go\u015bci zewn\u0119trznych.<\/p>\n<p>Masa\u017c mo\u017cna zam\u00f3wi\u0107 w recepcji hotelowej pod telefonem<\/p>\n<p>22 463 54 00<br \/>\nZapraszamy!<\/p>\n","protected":false},"excerpt":{"rendered":"<p>Strefa SPA Hotelu Park Kajetany zosta\u0142a poszerzona o r\u00f3\u017cne rodzaje masa\u017cy. Dzi\u0119ki bogatej ofercie strefy ka\u017cdy znajdzie co\u015b dla siebie. Nasi Go\u015bcie mog\u0105 skorzysta\u0107 z\u00a0masa\u017cu klasycznego, kt\u00f3ry skutecznie redukuje napi\u0119cie mi\u0119\u015bniowe, poprawia kr\u0105\u017cenie i\u00a0przynosi ulg\u0119 po ci\u0119\u017ckim dniu. W\u00a0ofercie dost\u0119pny jest masa\u017c klasyczny plec\u00f3w oraz masa\u017c klasyczny ca\u0142ego cia\u0142a. Oferujemy&#8230; <\/p>\n","protected":false},"author":18,"featured_media":4007,"parent":0,"menu_order":0,"comment_status":"closed","ping_status":"closed","template":"","meta":[],"categories":[],"tags":[],"aioseo_notices":[],"jetpack_shortlink":"https:\/\/wp.me\/P8N4s2-12v","_links":{"self":[{"href":"https:\/\/parkkajetany.pl\/pl\/wp-json\/wp\/v2\/pages\/3999"}],"collection":[{"href":"https:\/\/parkkajetany.pl\/pl\/wp-json\/wp\/v2\/pages"}],"about":[{"href":"https:\/\/parkkajetany.pl\/pl\/wp-json\/wp\/v2\/types\/page"}],"author":[{"embeddable":true,"href":"https:\/\/parkkajetany.pl\/pl\/wp-json\/wp\/v2\/users\/18"}],"replies":[{"embeddable":true,"href":"https:\/\/parkkajetany.pl\/pl\/wp-json\/wp\/v2\/comments?post=3999"}],"version-history":[{"count":4,"href":"https:\/\/parkkajetany.pl\/pl\/wp-json\/wp\/v2\/pages\/3999\/revisions"}],"predecessor-version":[{"id":4027,"href":"https:\/\/parkkajetany.pl\/pl\/wp-json\/wp\/v2\/pages\/3999\/revisions\/4027"}],"wp:featuredmedia":[{"embeddable":true,"href":"https:\/\/parkkajetany.pl\/pl\/wp-json\/wp\/v2\/media\/4007"}],"wp:attachment":[{"href":"https:\/\/parkkajetany.pl\/pl\/wp-json\/wp\/v2\/media?parent=3999"}],"wp:term":[{"taxonomy":"category","embeddable":true,"href":"https:\/\/parkkajetany.pl\/pl\/wp-json\/wp\/v2\/categories?post=3999"},{"taxonomy":"post_tag","embeddable":true,"href":"https:\/\/parkkajetany.pl\/pl\/wp-json\/wp\/v2\/tags?post=3999"}],"curies":[{"name":"wp","href":"https:\/\/api.w.org\/{rel}","templated":true}]}}