{"id":3993,"date":"2025-06-04T09:39:50","date_gmt":"2025-06-04T09:39:50","guid":{"rendered":"https:\/\/parkkajetany.pl\/?page_id=3993"},"modified":"2025-08-11T09:51:31","modified_gmt":"2025-08-11T09:51:31","slug":"telewizja-hotelowa","status":"publish","type":"page","link":"https:\/\/parkkajetany.pl\/pl\/telewizja-hotelowa\/","title":{"rendered":"Telewizja hotelowa"},"content":{"rendered":"<p><img loading=\"lazy\" class=\"alignnone size-full wp-image-3996\" src=\"https:\/\/parkkajetany.pl\/wp-content\/uploads\/2025\/06\/Obraz1.png\" alt=\"\" width=\"605\" height=\"76\" srcset=\"https:\/\/parkkajetany.pl\/wp-content\/uploads\/2025\/06\/Obraz1.png 605w, https:\/\/parkkajetany.pl\/wp-content\/uploads\/2025\/06\/Obraz1-336x42.png 336w\" sizes=\"(max-width: 605px) 100vw, 605px\" \/><\/p>\n<p><strong>Nowoczesny system telewizji hotelowej \u2013 nowe mo\u017cliwo\u015bci dla naszych go\u015bci<\/strong><\/p>\n<p>Z rado\u015bci\u0105 informujemy, \u017ce dzi\u0119ki realizacji <strong>Projektu pt.: \u201eDywersyfikacja i rozszerzenie dzia\u0142alno\u015bci Parku Kajetany Sp. z o.o. szans\u0105 do pozyskania szerszej grupy klient\u00f3w dla oferowanych us\u0142ug\u201d<\/strong>, nasz hotel wzbogaci\u0142 swoj\u0105 infrastruktur\u0119 o <strong>nowoczesny system telewizji hotelowej<\/strong>. Projekt zosta\u0142 dofinansowany w ramach <strong>Krajowego Planu Odbudowy i Zwi\u0119kszania Odporno\u015bci (KPO)<\/strong> \u2013 <strong>Inwestycja A1.2.1 HoReCa<\/strong>, wspieraj\u0105ca mikro, ma\u0142e i \u015brednie przedsi\u0119biorstwa z bran\u017cy hotelarstwa, gastronomii, turystyki i kultury.<\/p>\n<p><strong>Celem projektu<\/strong> jest zwi\u0119kszenie odporno\u015bci naszego obiektu na sytuacje kryzysowe, takie jak pandemia COVID-19, kl\u0119ski \u017cywio\u0142owe czy kryzysy gospodarcze, poprzez dywersyfikacj\u0119 dzia\u0142alno\u015bci oraz wprowadzenie innowacyjnych us\u0142ug dostosowanych do zmieniaj\u0105cych si\u0119 warunk\u00f3w rynkowych.<\/p>\n<p>W odpowiedzi na rosn\u0105ce zainteresowanie organizacj\u0105 wydarze\u0144 z mo\u017cliwo\u015bci\u0105 uczestnictwa online \u2013 konferencji, szkole\u0144 czy warsztat\u00f3w \u2013 si\u0119gn\u0119li\u015bmy po nowoczesne technologie. Dzi\u0119ki nowemu systemowi telewizji hotelowej oraz wymianie telewizor\u00f3w na energooszcz\u0119dne urz\u0105dzenia typu <strong>smart\u00a0TV<\/strong>, jeste\u015bmy w stanie zapewni\u0107 transmisj\u0119 online z wydarze\u0144 odbywaj\u0105cych si\u0119 w naszym hotelu.<\/p>\n<p>Nowy system umo\u017cliwia:<\/p>\n<ul>\n<li><strong>Transmisj\u0119 wydarze\u0144 na \u017cywo<\/strong> \u2013 uczestnicy mog\u0105 bra\u0107 udzia\u0142 w wydarzeniach zdalnie, nie wychodz\u0105c z pokoju hotelowego,<\/li>\n<li><strong>Indywidualne dostosowanie tre\u015bci multimedialnych<\/strong> \u2013 ka\u017cdy telewizor po\u0142\u0105czony z hotelowym Wi-Fi daje dost\u0119p do interaktywnych funkcji,<\/li>\n<li><strong>Mo\u017cliwo\u015b\u0107 emisji reklam lokalnych firm<\/strong> \u2013 wsparcie dla ma\u0142ych biznes\u00f3w \u015bwiadcz\u0105cych us\u0142ugi taxi, gastronomiczne, fryzjerskie czy kosmetyczne.<\/li>\n<\/ul>\n<p>Dzi\u0119ki tej inwestycji nasz hotel staje si\u0119 atrakcyjnym miejscem dla nowej grupy klient\u00f3w \u2013 firm i\u00a0instytucji, kt\u00f3re poszukuj\u0105 komfortowych warunk\u00f3w do organizacji wydarze\u0144 w bezpiecznym i\u00a0nowoczesnym \u015brodowisku, r\u00f3wnie\u017c w warunkach ogranicze\u0144 sanitarnych.<\/p>\n<p>Inwestycja ta, to nie tylko krok w stron\u0119 nowoczesno\u015bci, ale przede wszystkim realne dostosowanie si\u0119 do potrzeb go\u015bci i klient\u00f3w. Nasz hotel zyskuje nowe funkcjonalno\u015bci, a nasi go\u015bcie \u2013 jeszcze wy\u017cszy standard us\u0142ug.<\/p>\n<p>&nbsp;<\/p>\n","protected":false},"excerpt":{"rendered":"<p>Nowoczesny system telewizji hotelowej \u2013 nowe mo\u017cliwo\u015bci dla naszych go\u015bci Z rado\u015bci\u0105 informujemy, \u017ce dzi\u0119ki realizacji Projektu pt.: \u201eDywersyfikacja i rozszerzenie dzia\u0142alno\u015bci Parku Kajetany Sp. z o.o. szans\u0105 do pozyskania szerszej grupy klient\u00f3w dla oferowanych us\u0142ug\u201d, nasz hotel wzbogaci\u0142 swoj\u0105 infrastruktur\u0119 o nowoczesny system telewizji hotelowej. Projekt zosta\u0142 dofinansowany w&#8230; <\/p>\n","protected":false},"author":18,"featured_media":4010,"parent":0,"menu_order":0,"comment_status":"closed","ping_status":"closed","template":"","meta":[],"categories":[89],"tags":[],"aioseo_notices":[],"jetpack_shortlink":"https:\/\/wp.me\/P8N4s2-12p","_links":{"self":[{"href":"https:\/\/parkkajetany.pl\/pl\/wp-json\/wp\/v2\/pages\/3993"}],"collection":[{"href":"https:\/\/parkkajetany.pl\/pl\/wp-json\/wp\/v2\/pages"}],"about":[{"href":"https:\/\/parkkajetany.pl\/pl\/wp-json\/wp\/v2\/types\/page"}],"author":[{"embeddable":true,"href":"https:\/\/parkkajetany.pl\/pl\/wp-json\/wp\/v2\/users\/18"}],"replies":[{"embeddable":true,"href":"https:\/\/parkkajetany.pl\/pl\/wp-json\/wp\/v2\/comments?post=3993"}],"version-history":[{"count":3,"href":"https:\/\/parkkajetany.pl\/pl\/wp-json\/wp\/v2\/pages\/3993\/revisions"}],"predecessor-version":[{"id":4081,"href":"https:\/\/parkkajetany.pl\/pl\/wp-json\/wp\/v2\/pages\/3993\/revisions\/4081"}],"wp:featuredmedia":[{"embeddable":true,"href":"https:\/\/parkkajetany.pl\/pl\/wp-json\/wp\/v2\/media\/4010"}],"wp:attachment":[{"href":"https:\/\/parkkajetany.pl\/pl\/wp-json\/wp\/v2\/media?parent=3993"}],"wp:term":[{"taxonomy":"category","embeddable":true,"href":"https:\/\/parkkajetany.pl\/pl\/wp-json\/wp\/v2\/categories?post=3993"},{"taxonomy":"post_tag","embeddable":true,"href":"https:\/\/parkkajetany.pl\/pl\/wp-json\/wp\/v2\/tags?post=3993"}],"curies":[{"name":"wp","href":"https:\/\/api.w.org\/{rel}","templated":true}]}}