{"id":3489,"date":"2024-03-14T10:32:32","date_gmt":"2024-03-14T10:32:32","guid":{"rendered":"https:\/\/parkkajetany.pl\/?page_id=3489"},"modified":"2024-03-14T10:42:01","modified_gmt":"2024-03-14T10:42:01","slug":"rekrutacja","status":"publish","type":"page","link":"https:\/\/parkkajetany.pl\/pl\/rekrutacja\/","title":{"rendered":"REKRUTACJA"},"content":{"rendered":"<div id=\"pl-3489\"  class=\"panel-layout\" ><div id=\"pg-3489-0\"  class=\"panel-grid panel-no-style\" ><div id=\"pgc-3489-0-0\"  class=\"panel-grid-cell\" ><div id=\"panel-3489-0-0-0\" class=\"so-panel widget widget_text panel-first-child panel-last-child\" data-index=\"0\" >\t\t\t<div class=\"textwidget\"><p><span style=\"font-family: Tahoma, Geneva, sans-serif; font-size: 14px;\">Zapraszamy do do\u0142\u0105czenia do naszego zespo\u0142u jako ratownik wodny! <\/span><span style=\"font-family: Tahoma, Geneva, sans-serif; font-size: 14px;\">Wymagany certyfikat ratownictwa oraz umiej\u0119tno\u015b\u0107 szybkiego reagowania w sytuacjach kryzysowych. <\/span><span style=\"font-family: Tahoma, Geneva, sans-serif; font-size: 14px;\">CV prosimy przes\u0142a\u0107 na adres email: <strong>p.kaczmarek@parkkajetany.pl<\/strong> lub skontaktowa\u0107 si\u0119 telefonicznie pod numerem <\/span><span style=\"font-family: Tahoma, Geneva, sans-serif; font-size: 14px;\"><strong>+48 607 222 898<\/strong>.<\/span><\/p>\n<p><img loading=\"lazy\" class=\"size-medium wp-image-3490 aligncenter\" src=\"https:\/\/parkkajetany.pl\/wp-content\/uploads\/2024\/03\/1080x1080_ogloszenieRatownik_23-744x744.jpg\" alt=\"\" width=\"744\" height=\"744\" srcset=\"https:\/\/parkkajetany.pl\/wp-content\/uploads\/2024\/03\/1080x1080_ogloszenieRatownik_23-744x744.jpg 744w, https:\/\/parkkajetany.pl\/wp-content\/uploads\/2024\/03\/1080x1080_ogloszenieRatownik_23-1200x1200.jpg 1200w, https:\/\/parkkajetany.pl\/wp-content\/uploads\/2024\/03\/1080x1080_ogloszenieRatownik_23-228x228.jpg 228w, https:\/\/parkkajetany.pl\/wp-content\/uploads\/2024\/03\/1080x1080_ogloszenieRatownik_23-768x768.jpg 768w, https:\/\/parkkajetany.pl\/wp-content\/uploads\/2024\/03\/1080x1080_ogloszenieRatownik_23-1536x1536.jpg 1536w, https:\/\/parkkajetany.pl\/wp-content\/uploads\/2024\/03\/1080x1080_ogloszenieRatownik_23-2048x2048.jpg 2048w\" sizes=\"(max-width: 744px) 100vw, 744px\" \/><\/p>\n<\/div>\n\t\t<\/div><\/div><\/div><\/div>","protected":false},"excerpt":{"rendered":"<p>Zapraszamy do do\u0142\u0105czenia do naszego zespo\u0142u jako ratownik wodny! Wymagany certyfikat ratownictwa oraz umiej\u0119tno\u015b\u0107 szybkiego reagowania w sytuacjach kryzysowych. CV prosimy przes\u0142a\u0107 na adres email: p.kaczmarek@parkkajetany.pl lub skontaktowa\u0107 si\u0119 telefonicznie pod numerem +48 607 222 898.<\/p>\n","protected":false},"author":18,"featured_media":2833,"parent":0,"menu_order":0,"comment_status":"closed","ping_status":"closed","template":"","meta":[],"categories":[],"tags":[],"aioseo_notices":[],"jetpack_shortlink":"https:\/\/wp.me\/P8N4s2-Uh","_links":{"self":[{"href":"https:\/\/parkkajetany.pl\/pl\/wp-json\/wp\/v2\/pages\/3489"}],"collection":[{"href":"https:\/\/parkkajetany.pl\/pl\/wp-json\/wp\/v2\/pages"}],"about":[{"href":"https:\/\/parkkajetany.pl\/pl\/wp-json\/wp\/v2\/types\/page"}],"author":[{"embeddable":true,"href":"https:\/\/parkkajetany.pl\/pl\/wp-json\/wp\/v2\/users\/18"}],"replies":[{"embeddable":true,"href":"https:\/\/parkkajetany.pl\/pl\/wp-json\/wp\/v2\/comments?post=3489"}],"version-history":[{"count":3,"href":"https:\/\/parkkajetany.pl\/pl\/wp-json\/wp\/v2\/pages\/3489\/revisions"}],"predecessor-version":[{"id":3496,"href":"https:\/\/parkkajetany.pl\/pl\/wp-json\/wp\/v2\/pages\/3489\/revisions\/3496"}],"wp:featuredmedia":[{"embeddable":true,"href":"https:\/\/parkkajetany.pl\/pl\/wp-json\/wp\/v2\/media\/2833"}],"wp:attachment":[{"href":"https:\/\/parkkajetany.pl\/pl\/wp-json\/wp\/v2\/media?parent=3489"}],"wp:term":[{"taxonomy":"category","embeddable":true,"href":"https:\/\/parkkajetany.pl\/pl\/wp-json\/wp\/v2\/categories?post=3489"},{"taxonomy":"post_tag","embeddable":true,"href":"https:\/\/parkkajetany.pl\/pl\/wp-json\/wp\/v2\/tags?post=3489"}],"curies":[{"name":"wp","href":"https:\/\/api.w.org\/{rel}","templated":true}]}}