{"id":284,"date":"2017-07-10T09:26:55","date_gmt":"2017-07-10T09:26:55","guid":{"rendered":"https:\/\/parkkajetany.pl\/?page_id=284"},"modified":"2024-12-09T09:21:44","modified_gmt":"2024-12-09T09:21:44","slug":"atrakcje-w-okolicy","status":"publish","type":"page","link":"https:\/\/parkkajetany.pl\/pl\/atrakcje-w-okolicy\/","title":{"rendered":"ATRAKCJE W OKOLICY"},"content":{"rendered":"<p>Hotel Park Kajetany po\u0142o\u017cony jest w bezpo\u015brednim s\u0105siedztwie O\u015brodka Medincus Active, kt\u00f3rego us\u0142ugi s\u0105 do dyspozycji naszych go\u015bci.<\/p>\n<p>O\u015brodek Medincus Active to\u00a0kompleksowe <a href=\"http:\/\/medincusactive.pl\/strefa-sportowa\/\" target=\"_blank\" rel=\"noopener\">obiekty sportowe<\/a> i rekreacyjne\u00a0z wykwalifikowan\u0105 <a href=\"http:\/\/medincusactive.pl\/kadra-instruktorska\/\" target=\"_blank\" rel=\"noopener noreferrer\">kadr\u0105 instruktorsko-trenersk\u0105<\/a>, umo\u017cliwiaj\u0105ce rekreacj\u0119 poprzez r\u00f3\u017cne formy aktywno\u015bci, w tym gr\u0119 w pi\u0142k\u0119 no\u017cn\u0105, siatk\u00f3wk\u0119, czy gry rekreacyjne na powietrzu m.in. krokiet, boccia, shuffleboard, indiaka, mini golf, badminton.<\/p>\n<p>W okolicy hotelu znajduje si\u0119 tak\u017ce <a href=\"http:\/\/medincusactive.pl\/mini-zoo\/\" target=\"_blank\" rel=\"noopener noreferrer\">mini ZOO<\/a>, a w nim m. in. kucyki, konie, renifery, osio\u0142ki, daniele, kolorowe i ozdobne ptaki i wiele innych ciekawych zwierz\u0105t.<\/p>\n<div class=\"x11i5rnm xat24cr x1mh8g0r x1vvkbs xtlvy1s x126k92a\">\n<div dir=\"auto\"><strong>Z dniem 1 grudnia 2024 Mini Zoo zosta\u0142o tymczasowo zamkni\u0119te z uwagi na przebudow\u0119.<\/strong><\/div>\n<\/div>\n<p>Ju\u017c wkr\u00f3tce pojawi\u0105 si\u0119 nowe atrakcje oraz niespotykani dot\u0105d mieszka\u0144cy.<\/p>\n<h3>GALERIA<\/h3>\n\n\t\t<style type=\"text\/css\">\n\t\t\t#gallery-1 {\n\t\t\t\tmargin: auto;\n\t\t\t}\n\t\t\t#gallery-1 .gallery-item {\n\t\t\t\tfloat: left;\n\t\t\t\tmargin-top: 10px;\n\t\t\t\ttext-align: center;\n\t\t\t\twidth: 11%;\n\t\t\t}\n\t\t\t#gallery-1 img {\n\t\t\t\tborder: 2px solid #cfcfcf;\n\t\t\t}\n\t\t\t#gallery-1 .gallery-caption {\n\t\t\t\tmargin-left: 0;\n\t\t\t}\n\t\t\t\/* see gallery_shortcode() in wp-includes\/media.php *\/\n\t\t<\/style>\n\t\t<div data-carousel-extra='{\"blog_id\":1,\"permalink\":\"https:\\\/\\\/parkkajetany.pl\\\/pl\\\/atrakcje-w-okolicy\\\/\"}' id='gallery-1' class='gallery galleryid-284 gallery-columns-9 gallery-size-thumbnail'><dl class='gallery-item'>\n\t\t\t<dt class='gallery-icon landscape'>\n\t\t\t\t<a href='https:\/\/parkkajetany.pl\/wp-content\/uploads\/2017\/04\/IMG_5490.jpg'><img width=\"336\" height=\"228\" src=\"https:\/\/parkkajetany.pl\/wp-content\/uploads\/2017\/04\/IMG_5490-336x228.jpg\" class=\"attachment-thumbnail size-thumbnail\" alt=\"\" loading=\"lazy\" data-attachment-id=\"553\" data-permalink=\"https:\/\/parkkajetany.pl\/pl\/img_5490\/\" data-orig-file=\"https:\/\/parkkajetany.pl\/wp-content\/uploads\/2017\/04\/IMG_5490.jpg\" data-orig-size=\"2048,1365\" data-comments-opened=\"0\" data-image-meta=\"{&quot;aperture&quot;:&quot;2.8&quot;,&quot;credit&quot;:&quot;&quot;,&quot;camera&quot;:&quot;Canon EOS 5D Mark II&quot;,&quot;caption&quot;:&quot;&quot;,&quot;created_timestamp&quot;:&quot;1357734949&quot;,&quot;copyright&quot;:&quot;&quot;,&quot;focal_length&quot;:&quot;24&quot;,&quot;iso&quot;:&quot;2000&quot;,&quot;shutter_speed&quot;:&quot;0.004&quot;,&quot;title&quot;:&quot;&quot;,&quot;orientation&quot;:&quot;1&quot;}\" data-image-title=\"IMG_5490\" data-image-description=\"\" data-image-caption=\"\" data-medium-file=\"https:\/\/parkkajetany.pl\/wp-content\/uploads\/2017\/04\/IMG_5490-744x496.jpg\" data-large-file=\"https:\/\/parkkajetany.pl\/wp-content\/uploads\/2017\/04\/IMG_5490-1200x800.jpg\" \/><\/a>\n\t\t\t<\/dt><\/dl><dl class='gallery-item'>\n\t\t\t<dt class='gallery-icon landscape'>\n\t\t\t\t<a href='https:\/\/parkkajetany.pl\/wp-content\/uploads\/2017\/04\/IMG_5488.jpg'><img width=\"336\" height=\"228\" src=\"https:\/\/parkkajetany.pl\/wp-content\/uploads\/2017\/04\/IMG_5488-336x228.jpg\" class=\"attachment-thumbnail size-thumbnail\" alt=\"\" loading=\"lazy\" data-attachment-id=\"552\" data-permalink=\"https:\/\/parkkajetany.pl\/pl\/img_5488\/\" data-orig-file=\"https:\/\/parkkajetany.pl\/wp-content\/uploads\/2017\/04\/IMG_5488.jpg\" data-orig-size=\"2048,1365\" data-comments-opened=\"0\" data-image-meta=\"{&quot;aperture&quot;:&quot;2.8&quot;,&quot;credit&quot;:&quot;&quot;,&quot;camera&quot;:&quot;Canon EOS 5D Mark II&quot;,&quot;caption&quot;:&quot;&quot;,&quot;created_timestamp&quot;:&quot;1357734915&quot;,&quot;copyright&quot;:&quot;&quot;,&quot;focal_length&quot;:&quot;24&quot;,&quot;iso&quot;:&quot;2000&quot;,&quot;shutter_speed&quot;:&quot;0.0025&quot;,&quot;title&quot;:&quot;&quot;,&quot;orientation&quot;:&quot;1&quot;}\" data-image-title=\"IMG_5488\" data-image-description=\"\" data-image-caption=\"\" data-medium-file=\"https:\/\/parkkajetany.pl\/wp-content\/uploads\/2017\/04\/IMG_5488-744x496.jpg\" data-large-file=\"https:\/\/parkkajetany.pl\/wp-content\/uploads\/2017\/04\/IMG_5488-1200x800.jpg\" \/><\/a>\n\t\t\t<\/dt><\/dl><dl class='gallery-item'>\n\t\t\t<dt class='gallery-icon landscape'>\n\t\t\t\t<a href='https:\/\/parkkajetany.pl\/wp-content\/uploads\/2017\/04\/IMG_5485.jpg'><img width=\"336\" height=\"228\" src=\"https:\/\/parkkajetany.pl\/wp-content\/uploads\/2017\/04\/IMG_5485-336x228.jpg\" class=\"attachment-thumbnail size-thumbnail\" alt=\"\" loading=\"lazy\" data-attachment-id=\"551\" data-permalink=\"https:\/\/parkkajetany.pl\/pl\/img_5485\/\" data-orig-file=\"https:\/\/parkkajetany.pl\/wp-content\/uploads\/2017\/04\/IMG_5485.jpg\" data-orig-size=\"2048,1365\" data-comments-opened=\"0\" data-image-meta=\"{&quot;aperture&quot;:&quot;2.8&quot;,&quot;credit&quot;:&quot;&quot;,&quot;camera&quot;:&quot;Canon EOS 5D Mark II&quot;,&quot;caption&quot;:&quot;&quot;,&quot;created_timestamp&quot;:&quot;1357734876&quot;,&quot;copyright&quot;:&quot;&quot;,&quot;focal_length&quot;:&quot;24&quot;,&quot;iso&quot;:&quot;2000&quot;,&quot;shutter_speed&quot;:&quot;0.005&quot;,&quot;title&quot;:&quot;&quot;,&quot;orientation&quot;:&quot;1&quot;}\" data-image-title=\"IMG_5485\" data-image-description=\"\" data-image-caption=\"\" data-medium-file=\"https:\/\/parkkajetany.pl\/wp-content\/uploads\/2017\/04\/IMG_5485-744x496.jpg\" data-large-file=\"https:\/\/parkkajetany.pl\/wp-content\/uploads\/2017\/04\/IMG_5485-1200x800.jpg\" \/><\/a>\n\t\t\t<\/dt><\/dl><dl class='gallery-item'>\n\t\t\t<dt class='gallery-icon landscape'>\n\t\t\t\t<a href='https:\/\/parkkajetany.pl\/wp-content\/uploads\/2017\/04\/IMG_5493.jpg'><img width=\"336\" height=\"228\" src=\"https:\/\/parkkajetany.pl\/wp-content\/uploads\/2017\/04\/IMG_5493-336x228.jpg\" class=\"attachment-thumbnail size-thumbnail\" alt=\"\" loading=\"lazy\" data-attachment-id=\"550\" data-permalink=\"https:\/\/parkkajetany.pl\/pl\/img_5493\/\" data-orig-file=\"https:\/\/parkkajetany.pl\/wp-content\/uploads\/2017\/04\/IMG_5493.jpg\" data-orig-size=\"2048,1365\" data-comments-opened=\"0\" data-image-meta=\"{&quot;aperture&quot;:&quot;2.8&quot;,&quot;credit&quot;:&quot;&quot;,&quot;camera&quot;:&quot;Canon EOS 5D Mark II&quot;,&quot;caption&quot;:&quot;&quot;,&quot;created_timestamp&quot;:&quot;1357735022&quot;,&quot;copyright&quot;:&quot;&quot;,&quot;focal_length&quot;:&quot;24&quot;,&quot;iso&quot;:&quot;2000&quot;,&quot;shutter_speed&quot;:&quot;0.003125&quot;,&quot;title&quot;:&quot;&quot;,&quot;orientation&quot;:&quot;1&quot;}\" data-image-title=\"IMG_5493\" data-image-description=\"\" data-image-caption=\"\" data-medium-file=\"https:\/\/parkkajetany.pl\/wp-content\/uploads\/2017\/04\/IMG_5493-744x496.jpg\" data-large-file=\"https:\/\/parkkajetany.pl\/wp-content\/uploads\/2017\/04\/IMG_5493-1200x800.jpg\" \/><\/a>\n\t\t\t<\/dt><\/dl><dl class='gallery-item'>\n\t\t\t<dt class='gallery-icon landscape'>\n\t\t\t\t<a href='https:\/\/parkkajetany.pl\/wp-content\/uploads\/2017\/04\/DSC_4309-Copy.jpg'><img width=\"336\" height=\"228\" src=\"https:\/\/parkkajetany.pl\/wp-content\/uploads\/2017\/04\/DSC_4309-Copy-336x228.jpg\" class=\"attachment-thumbnail size-thumbnail\" alt=\"\" loading=\"lazy\" data-attachment-id=\"556\" data-permalink=\"https:\/\/parkkajetany.pl\/pl\/dsc_4309-copy\/\" data-orig-file=\"https:\/\/parkkajetany.pl\/wp-content\/uploads\/2017\/04\/DSC_4309-Copy.jpg\" data-orig-size=\"1600,1067\" data-comments-opened=\"0\" data-image-meta=\"{&quot;aperture&quot;:&quot;2.8&quot;,&quot;credit&quot;:&quot;&quot;,&quot;camera&quot;:&quot;NIKON D7200&quot;,&quot;caption&quot;:&quot;&quot;,&quot;created_timestamp&quot;:&quot;1476720906&quot;,&quot;copyright&quot;:&quot;&quot;,&quot;focal_length&quot;:&quot;36&quot;,&quot;iso&quot;:&quot;1800&quot;,&quot;shutter_speed&quot;:&quot;0.016666666666667&quot;,&quot;title&quot;:&quot;&quot;,&quot;orientation&quot;:&quot;1&quot;}\" data-image-title=\"DSC_4309 (Copy)\" data-image-description=\"\" data-image-caption=\"\" data-medium-file=\"https:\/\/parkkajetany.pl\/wp-content\/uploads\/2017\/04\/DSC_4309-Copy-744x496.jpg\" data-large-file=\"https:\/\/parkkajetany.pl\/wp-content\/uploads\/2017\/04\/DSC_4309-Copy-1200x800.jpg\" \/><\/a>\n\t\t\t<\/dt><\/dl><dl class='gallery-item'>\n\t\t\t<dt class='gallery-icon landscape'>\n\t\t\t\t<a href='https:\/\/parkkajetany.pl\/wp-content\/uploads\/2017\/04\/UNADJUSTEDNONRAW_thumb_2f62.jpg'><img width=\"336\" height=\"224\" src=\"https:\/\/parkkajetany.pl\/wp-content\/uploads\/2017\/04\/UNADJUSTEDNONRAW_thumb_2f62-336x224.jpg\" class=\"attachment-thumbnail size-thumbnail\" alt=\"\" loading=\"lazy\" srcset=\"https:\/\/parkkajetany.pl\/wp-content\/uploads\/2017\/04\/UNADJUSTEDNONRAW_thumb_2f62-336x224.jpg 336w, https:\/\/parkkajetany.pl\/wp-content\/uploads\/2017\/04\/UNADJUSTEDNONRAW_thumb_2f62-744x496.jpg 744w, https:\/\/parkkajetany.pl\/wp-content\/uploads\/2017\/04\/UNADJUSTEDNONRAW_thumb_2f62-768x512.jpg 768w, https:\/\/parkkajetany.pl\/wp-content\/uploads\/2017\/04\/UNADJUSTEDNONRAW_thumb_2f62-272x182.jpg 272w, https:\/\/parkkajetany.pl\/wp-content\/uploads\/2017\/04\/UNADJUSTEDNONRAW_thumb_2f62.jpg 1086w\" sizes=\"(max-width: 336px) 100vw, 336px\" data-attachment-id=\"835\" data-permalink=\"https:\/\/parkkajetany.pl\/pl\/unadjustednonraw_thumb_2f62\/\" data-orig-file=\"https:\/\/parkkajetany.pl\/wp-content\/uploads\/2017\/04\/UNADJUSTEDNONRAW_thumb_2f62.jpg\" data-orig-size=\"1086,724\" data-comments-opened=\"0\" data-image-meta=\"{&quot;aperture&quot;:&quot;0&quot;,&quot;credit&quot;:&quot;&quot;,&quot;camera&quot;:&quot;&quot;,&quot;caption&quot;:&quot;&quot;,&quot;created_timestamp&quot;:&quot;0&quot;,&quot;copyright&quot;:&quot;&quot;,&quot;focal_length&quot;:&quot;0&quot;,&quot;iso&quot;:&quot;0&quot;,&quot;shutter_speed&quot;:&quot;0&quot;,&quot;title&quot;:&quot;&quot;,&quot;orientation&quot;:&quot;1&quot;}\" data-image-title=\"UNADJUSTEDNONRAW_thumb_2f62\" data-image-description=\"\" data-image-caption=\"\" data-medium-file=\"https:\/\/parkkajetany.pl\/wp-content\/uploads\/2017\/04\/UNADJUSTEDNONRAW_thumb_2f62-744x496.jpg\" data-large-file=\"https:\/\/parkkajetany.pl\/wp-content\/uploads\/2017\/04\/UNADJUSTEDNONRAW_thumb_2f62.jpg\" \/><\/a>\n\t\t\t<\/dt><\/dl><dl class='gallery-item'>\n\t\t\t<dt class='gallery-icon landscape'>\n\t\t\t\t<a href='https:\/\/parkkajetany.pl\/wp-content\/uploads\/2016\/10\/MG_1312.jpg'><img width=\"336\" height=\"228\" src=\"https:\/\/parkkajetany.pl\/wp-content\/uploads\/2016\/10\/MG_1312-336x228.jpg\" class=\"attachment-thumbnail size-thumbnail\" alt=\"\" loading=\"lazy\" data-attachment-id=\"341\" data-permalink=\"https:\/\/parkkajetany.pl\/pl\/atrakcje\/_mg_1312\/#main\" data-orig-file=\"https:\/\/parkkajetany.pl\/wp-content\/uploads\/2016\/10\/MG_1312.jpg\" data-orig-size=\"2048,1328\" data-comments-opened=\"0\" data-image-meta=\"{&quot;aperture&quot;:&quot;7.1&quot;,&quot;credit&quot;:&quot;&quot;,&quot;camera&quot;:&quot;Canon EOS 5D Mark II&quot;,&quot;caption&quot;:&quot;&quot;,&quot;created_timestamp&quot;:&quot;1276250962&quot;,&quot;copyright&quot;:&quot;&quot;,&quot;focal_length&quot;:&quot;24&quot;,&quot;iso&quot;:&quot;200&quot;,&quot;shutter_speed&quot;:&quot;0.003125&quot;,&quot;title&quot;:&quot;&quot;,&quot;orientation&quot;:&quot;1&quot;}\" data-image-title=\"_MG_1312\" data-image-description=\"\" data-image-caption=\"\" data-medium-file=\"https:\/\/parkkajetany.pl\/wp-content\/uploads\/2016\/10\/MG_1312-744x482.jpg\" data-large-file=\"https:\/\/parkkajetany.pl\/wp-content\/uploads\/2016\/10\/MG_1312-1200x778.jpg\" \/><\/a>\n\t\t\t<\/dt><\/dl><dl class='gallery-item'>\n\t\t\t<dt class='gallery-icon landscape'>\n\t\t\t\t<a href='https:\/\/parkkajetany.pl\/wp-content\/uploads\/2016\/10\/DSC_6454a.jpg'><img width=\"336\" height=\"228\" src=\"https:\/\/parkkajetany.pl\/wp-content\/uploads\/2016\/10\/DSC_6454a-336x228.jpg\" class=\"attachment-thumbnail size-thumbnail\" alt=\"\" loading=\"lazy\" data-attachment-id=\"353\" data-permalink=\"https:\/\/parkkajetany.pl\/pl\/galeria\/dsc_6454a\/#main\" data-orig-file=\"https:\/\/parkkajetany.pl\/wp-content\/uploads\/2016\/10\/DSC_6454a.jpg\" data-orig-size=\"1024,683\" data-comments-opened=\"0\" data-image-meta=\"{&quot;aperture&quot;:&quot;8&quot;,&quot;credit&quot;:&quot;&quot;,&quot;camera&quot;:&quot;NIKON D7200&quot;,&quot;caption&quot;:&quot;&quot;,&quot;created_timestamp&quot;:&quot;1463310845&quot;,&quot;copyright&quot;:&quot;&quot;,&quot;focal_length&quot;:&quot;34&quot;,&quot;iso&quot;:&quot;250&quot;,&quot;shutter_speed&quot;:&quot;0.002&quot;,&quot;title&quot;:&quot;&quot;,&quot;orientation&quot;:&quot;1&quot;}\" data-image-title=\"DSC_6454a\" data-image-description=\"\" data-image-caption=\"\" data-medium-file=\"https:\/\/parkkajetany.pl\/wp-content\/uploads\/2016\/10\/DSC_6454a-744x496.jpg\" data-large-file=\"https:\/\/parkkajetany.pl\/wp-content\/uploads\/2016\/10\/DSC_6454a.jpg\" \/><\/a>\n\t\t\t<\/dt><\/dl>\n\t\t\t<br style='clear: both' \/>\n\t\t<\/div>\n\n","protected":false},"excerpt":{"rendered":"<p>Hotel Park Kajetany po\u0142o\u017cony jest w bezpo\u015brednim s\u0105siedztwie O\u015brodka Medincus Active, kt\u00f3rego us\u0142ugi s\u0105 do dyspozycji naszych go\u015bci. O\u015brodek Medincus Active to\u00a0kompleksowe obiekty sportowe i rekreacyjne\u00a0z wykwalifikowan\u0105 kadr\u0105 instruktorsko-trenersk\u0105, umo\u017cliwiaj\u0105ce rekreacj\u0119 poprzez r\u00f3\u017cne formy aktywno\u015bci, w tym gr\u0119 w pi\u0142k\u0119 no\u017cn\u0105, siatk\u00f3wk\u0119, czy gry rekreacyjne na powietrzu m.in. krokiet, boccia,&#8230; <\/p>\n","protected":false},"author":2,"featured_media":555,"parent":0,"menu_order":0,"comment_status":"closed","ping_status":"closed","template":"","meta":[],"categories":[],"tags":[],"aioseo_notices":[],"jetpack_shortlink":"https:\/\/wp.me\/P8N4s2-4A","_links":{"self":[{"href":"https:\/\/parkkajetany.pl\/pl\/wp-json\/wp\/v2\/pages\/284"}],"collection":[{"href":"https:\/\/parkkajetany.pl\/pl\/wp-json\/wp\/v2\/pages"}],"about":[{"href":"https:\/\/parkkajetany.pl\/pl\/wp-json\/wp\/v2\/types\/page"}],"author":[{"embeddable":true,"href":"https:\/\/parkkajetany.pl\/pl\/wp-json\/wp\/v2\/users\/2"}],"replies":[{"embeddable":true,"href":"https:\/\/parkkajetany.pl\/pl\/wp-json\/wp\/v2\/comments?post=284"}],"version-history":[{"count":4,"href":"https:\/\/parkkajetany.pl\/pl\/wp-json\/wp\/v2\/pages\/284\/revisions"}],"predecessor-version":[{"id":3806,"href":"https:\/\/parkkajetany.pl\/pl\/wp-json\/wp\/v2\/pages\/284\/revisions\/3806"}],"wp:featuredmedia":[{"embeddable":true,"href":"https:\/\/parkkajetany.pl\/pl\/wp-json\/wp\/v2\/media\/555"}],"wp:attachment":[{"href":"https:\/\/parkkajetany.pl\/pl\/wp-json\/wp\/v2\/media?parent=284"}],"wp:term":[{"taxonomy":"category","embeddable":true,"href":"https:\/\/parkkajetany.pl\/pl\/wp-json\/wp\/v2\/categories?post=284"},{"taxonomy":"post_tag","embeddable":true,"href":"https:\/\/parkkajetany.pl\/pl\/wp-json\/wp\/v2\/tags?post=284"}],"curies":[{"name":"wp","href":"https:\/\/api.w.org\/{rel}","templated":true}]}}