{"id":282,"date":"2017-04-05T17:27:30","date_gmt":"2017-04-05T17:27:30","guid":{"rendered":"https:\/\/parkkajetany.pl\/?page_id=282"},"modified":"2018-07-18T01:03:57","modified_gmt":"2018-07-18T01:03:57","slug":"atrakcje-w-hotelu","status":"publish","type":"page","link":"https:\/\/parkkajetany.pl\/pl\/atrakcje-w-hotelu\/","title":{"rendered":"ATRAKCJE W HOTELU"},"content":{"rendered":"<div>\n<h3>Muzeum \u015alimaka<\/h3>\n<p>Znajduje si\u0119 w bezpo\u015brednim s\u0105siedztwie Recepcji Hotelu Park Kajetany***. Zosta\u0142o otwarte w roku 2011 r. dzi\u0119ki przekazaniu prywatnej kolekcji profesora Henryka Skar\u017cy\u0144skiego. 15 lipca 2012 r. w Kajetanach, z wynikiem 1377 \u015blimak\u00f3w, zosta\u0142 pobity Rekord Guinessa w kategorii \u201eNajwi\u0119kszy zbi\u00f3r przedmiot\u00f3w z podobizn\u0105, wizerunkiem i o wygl\u0105dzie \u015blimaka\u201d. Obecnie zbi\u00f3r liczy ok 1400 figurek z podobizn\u0105 \u015blimaka, wykonanych z r\u00f3\u017cnych materia\u0142\u00f3w m.in. z porcelany, ceramiki, szk\u0142a, drewna, \u017celiwa, a tak\u017ce bursztynu, kamienia i drutu.<\/p>\n<\/div>\n<div><\/div>\n<h3>GALERIA<\/h3>\n\n\t\t<style type=\"text\/css\">\n\t\t\t#gallery-1 {\n\t\t\t\tmargin: auto;\n\t\t\t}\n\t\t\t#gallery-1 .gallery-item {\n\t\t\t\tfloat: left;\n\t\t\t\tmargin-top: 10px;\n\t\t\t\ttext-align: center;\n\t\t\t\twidth: 11%;\n\t\t\t}\n\t\t\t#gallery-1 img {\n\t\t\t\tborder: 2px solid #cfcfcf;\n\t\t\t}\n\t\t\t#gallery-1 .gallery-caption {\n\t\t\t\tmargin-left: 0;\n\t\t\t}\n\t\t\t\/* see gallery_shortcode() in wp-includes\/media.php *\/\n\t\t<\/style>\n\t\t<div data-carousel-extra='{\"blog_id\":1,\"permalink\":\"https:\\\/\\\/parkkajetany.pl\\\/pl\\\/atrakcje-w-hotelu\\\/\"}' id='gallery-1' class='gallery galleryid-282 gallery-columns-9 gallery-size-thumbnail'><dl class='gallery-item'>\n\t\t\t<dt class='gallery-icon landscape'>\n\t\t\t\t<a href='https:\/\/parkkajetany.pl\/wp-content\/uploads\/2017\/04\/IMG_5490.jpg'><img width=\"336\" height=\"228\" src=\"https:\/\/parkkajetany.pl\/wp-content\/uploads\/2017\/04\/IMG_5490-336x228.jpg\" class=\"attachment-thumbnail size-thumbnail\" alt=\"\" loading=\"lazy\" data-attachment-id=\"553\" data-permalink=\"https:\/\/parkkajetany.pl\/pl\/img_5490\/\" data-orig-file=\"https:\/\/parkkajetany.pl\/wp-content\/uploads\/2017\/04\/IMG_5490.jpg\" data-orig-size=\"2048,1365\" data-comments-opened=\"0\" data-image-meta=\"{&quot;aperture&quot;:&quot;2.8&quot;,&quot;credit&quot;:&quot;&quot;,&quot;camera&quot;:&quot;Canon EOS 5D Mark II&quot;,&quot;caption&quot;:&quot;&quot;,&quot;created_timestamp&quot;:&quot;1357734949&quot;,&quot;copyright&quot;:&quot;&quot;,&quot;focal_length&quot;:&quot;24&quot;,&quot;iso&quot;:&quot;2000&quot;,&quot;shutter_speed&quot;:&quot;0.004&quot;,&quot;title&quot;:&quot;&quot;,&quot;orientation&quot;:&quot;1&quot;}\" data-image-title=\"IMG_5490\" data-image-description=\"\" data-image-caption=\"\" data-medium-file=\"https:\/\/parkkajetany.pl\/wp-content\/uploads\/2017\/04\/IMG_5490-744x496.jpg\" data-large-file=\"https:\/\/parkkajetany.pl\/wp-content\/uploads\/2017\/04\/IMG_5490-1200x800.jpg\" \/><\/a>\n\t\t\t<\/dt><\/dl><dl class='gallery-item'>\n\t\t\t<dt class='gallery-icon landscape'>\n\t\t\t\t<a href='https:\/\/parkkajetany.pl\/wp-content\/uploads\/2017\/04\/IMG_5488.jpg'><img width=\"336\" height=\"228\" src=\"https:\/\/parkkajetany.pl\/wp-content\/uploads\/2017\/04\/IMG_5488-336x228.jpg\" class=\"attachment-thumbnail size-thumbnail\" alt=\"\" loading=\"lazy\" data-attachment-id=\"552\" data-permalink=\"https:\/\/parkkajetany.pl\/pl\/img_5488\/\" data-orig-file=\"https:\/\/parkkajetany.pl\/wp-content\/uploads\/2017\/04\/IMG_5488.jpg\" data-orig-size=\"2048,1365\" data-comments-opened=\"0\" data-image-meta=\"{&quot;aperture&quot;:&quot;2.8&quot;,&quot;credit&quot;:&quot;&quot;,&quot;camera&quot;:&quot;Canon EOS 5D Mark II&quot;,&quot;caption&quot;:&quot;&quot;,&quot;created_timestamp&quot;:&quot;1357734915&quot;,&quot;copyright&quot;:&quot;&quot;,&quot;focal_length&quot;:&quot;24&quot;,&quot;iso&quot;:&quot;2000&quot;,&quot;shutter_speed&quot;:&quot;0.0025&quot;,&quot;title&quot;:&quot;&quot;,&quot;orientation&quot;:&quot;1&quot;}\" data-image-title=\"IMG_5488\" data-image-description=\"\" data-image-caption=\"\" data-medium-file=\"https:\/\/parkkajetany.pl\/wp-content\/uploads\/2017\/04\/IMG_5488-744x496.jpg\" data-large-file=\"https:\/\/parkkajetany.pl\/wp-content\/uploads\/2017\/04\/IMG_5488-1200x800.jpg\" \/><\/a>\n\t\t\t<\/dt><\/dl><dl class='gallery-item'>\n\t\t\t<dt class='gallery-icon landscape'>\n\t\t\t\t<a href='https:\/\/parkkajetany.pl\/wp-content\/uploads\/2017\/04\/IMG_5485.jpg'><img width=\"336\" height=\"228\" src=\"https:\/\/parkkajetany.pl\/wp-content\/uploads\/2017\/04\/IMG_5485-336x228.jpg\" class=\"attachment-thumbnail size-thumbnail\" alt=\"\" loading=\"lazy\" data-attachment-id=\"551\" data-permalink=\"https:\/\/parkkajetany.pl\/pl\/img_5485\/\" data-orig-file=\"https:\/\/parkkajetany.pl\/wp-content\/uploads\/2017\/04\/IMG_5485.jpg\" data-orig-size=\"2048,1365\" data-comments-opened=\"0\" data-image-meta=\"{&quot;aperture&quot;:&quot;2.8&quot;,&quot;credit&quot;:&quot;&quot;,&quot;camera&quot;:&quot;Canon EOS 5D Mark II&quot;,&quot;caption&quot;:&quot;&quot;,&quot;created_timestamp&quot;:&quot;1357734876&quot;,&quot;copyright&quot;:&quot;&quot;,&quot;focal_length&quot;:&quot;24&quot;,&quot;iso&quot;:&quot;2000&quot;,&quot;shutter_speed&quot;:&quot;0.005&quot;,&quot;title&quot;:&quot;&quot;,&quot;orientation&quot;:&quot;1&quot;}\" data-image-title=\"IMG_5485\" data-image-description=\"\" data-image-caption=\"\" data-medium-file=\"https:\/\/parkkajetany.pl\/wp-content\/uploads\/2017\/04\/IMG_5485-744x496.jpg\" data-large-file=\"https:\/\/parkkajetany.pl\/wp-content\/uploads\/2017\/04\/IMG_5485-1200x800.jpg\" \/><\/a>\n\t\t\t<\/dt><\/dl><dl class='gallery-item'>\n\t\t\t<dt class='gallery-icon landscape'>\n\t\t\t\t<a href='https:\/\/parkkajetany.pl\/wp-content\/uploads\/2017\/04\/IMG_5493.jpg'><img width=\"336\" height=\"228\" src=\"https:\/\/parkkajetany.pl\/wp-content\/uploads\/2017\/04\/IMG_5493-336x228.jpg\" class=\"attachment-thumbnail size-thumbnail\" alt=\"\" loading=\"lazy\" data-attachment-id=\"550\" data-permalink=\"https:\/\/parkkajetany.pl\/pl\/img_5493\/\" data-orig-file=\"https:\/\/parkkajetany.pl\/wp-content\/uploads\/2017\/04\/IMG_5493.jpg\" data-orig-size=\"2048,1365\" data-comments-opened=\"0\" data-image-meta=\"{&quot;aperture&quot;:&quot;2.8&quot;,&quot;credit&quot;:&quot;&quot;,&quot;camera&quot;:&quot;Canon EOS 5D Mark II&quot;,&quot;caption&quot;:&quot;&quot;,&quot;created_timestamp&quot;:&quot;1357735022&quot;,&quot;copyright&quot;:&quot;&quot;,&quot;focal_length&quot;:&quot;24&quot;,&quot;iso&quot;:&quot;2000&quot;,&quot;shutter_speed&quot;:&quot;0.003125&quot;,&quot;title&quot;:&quot;&quot;,&quot;orientation&quot;:&quot;1&quot;}\" data-image-title=\"IMG_5493\" data-image-description=\"\" data-image-caption=\"\" data-medium-file=\"https:\/\/parkkajetany.pl\/wp-content\/uploads\/2017\/04\/IMG_5493-744x496.jpg\" data-large-file=\"https:\/\/parkkajetany.pl\/wp-content\/uploads\/2017\/04\/IMG_5493-1200x800.jpg\" \/><\/a>\n\t\t\t<\/dt><\/dl><dl class='gallery-item'>\n\t\t\t<dt class='gallery-icon landscape'>\n\t\t\t\t<a href='https:\/\/parkkajetany.pl\/wp-content\/uploads\/2017\/04\/DSC_4309-Copy.jpg'><img width=\"336\" height=\"228\" src=\"https:\/\/parkkajetany.pl\/wp-content\/uploads\/2017\/04\/DSC_4309-Copy-336x228.jpg\" class=\"attachment-thumbnail size-thumbnail\" alt=\"\" loading=\"lazy\" data-attachment-id=\"556\" data-permalink=\"https:\/\/parkkajetany.pl\/pl\/dsc_4309-copy\/\" data-orig-file=\"https:\/\/parkkajetany.pl\/wp-content\/uploads\/2017\/04\/DSC_4309-Copy.jpg\" data-orig-size=\"1600,1067\" data-comments-opened=\"0\" data-image-meta=\"{&quot;aperture&quot;:&quot;2.8&quot;,&quot;credit&quot;:&quot;&quot;,&quot;camera&quot;:&quot;NIKON D7200&quot;,&quot;caption&quot;:&quot;&quot;,&quot;created_timestamp&quot;:&quot;1476720906&quot;,&quot;copyright&quot;:&quot;&quot;,&quot;focal_length&quot;:&quot;36&quot;,&quot;iso&quot;:&quot;1800&quot;,&quot;shutter_speed&quot;:&quot;0.016666666666667&quot;,&quot;title&quot;:&quot;&quot;,&quot;orientation&quot;:&quot;1&quot;}\" data-image-title=\"DSC_4309 (Copy)\" data-image-description=\"\" data-image-caption=\"\" data-medium-file=\"https:\/\/parkkajetany.pl\/wp-content\/uploads\/2017\/04\/DSC_4309-Copy-744x496.jpg\" data-large-file=\"https:\/\/parkkajetany.pl\/wp-content\/uploads\/2017\/04\/DSC_4309-Copy-1200x800.jpg\" \/><\/a>\n\t\t\t<\/dt><\/dl><dl class='gallery-item'>\n\t\t\t<dt class='gallery-icon landscape'>\n\t\t\t\t<a href='https:\/\/parkkajetany.pl\/wp-content\/uploads\/2017\/04\/MG_1336.jpg'><img width=\"331\" height=\"228\" src=\"https:\/\/parkkajetany.pl\/wp-content\/uploads\/2017\/04\/MG_1336-331x228.jpg\" class=\"attachment-thumbnail size-thumbnail\" alt=\"\" loading=\"lazy\" srcset=\"https:\/\/parkkajetany.pl\/wp-content\/uploads\/2017\/04\/MG_1336-331x228.jpg 331w, https:\/\/parkkajetany.pl\/wp-content\/uploads\/2017\/04\/MG_1336-744x513.jpg 744w, https:\/\/parkkajetany.pl\/wp-content\/uploads\/2017\/04\/MG_1336-768x529.jpg 768w, https:\/\/parkkajetany.pl\/wp-content\/uploads\/2017\/04\/MG_1336-1200x827.jpg 1200w, https:\/\/parkkajetany.pl\/wp-content\/uploads\/2017\/04\/MG_1336.jpg 2048w\" sizes=\"(max-width: 331px) 100vw, 331px\" data-attachment-id=\"837\" data-permalink=\"https:\/\/parkkajetany.pl\/pl\/_mg_1336\/\" data-orig-file=\"https:\/\/parkkajetany.pl\/wp-content\/uploads\/2017\/04\/MG_1336.jpg\" data-orig-size=\"2048,1412\" data-comments-opened=\"0\" data-image-meta=\"{&quot;aperture&quot;:&quot;2.8&quot;,&quot;credit&quot;:&quot;&quot;,&quot;camera&quot;:&quot;Canon EOS 5D Mark II&quot;,&quot;caption&quot;:&quot;&quot;,&quot;created_timestamp&quot;:&quot;1276251385&quot;,&quot;copyright&quot;:&quot;&quot;,&quot;focal_length&quot;:&quot;24&quot;,&quot;iso&quot;:&quot;1250&quot;,&quot;shutter_speed&quot;:&quot;0.016666666666667&quot;,&quot;title&quot;:&quot;&quot;,&quot;orientation&quot;:&quot;1&quot;}\" data-image-title=\"_MG_1336\" data-image-description=\"\" data-image-caption=\"\" data-medium-file=\"https:\/\/parkkajetany.pl\/wp-content\/uploads\/2017\/04\/MG_1336-744x513.jpg\" data-large-file=\"https:\/\/parkkajetany.pl\/wp-content\/uploads\/2017\/04\/MG_1336-1200x827.jpg\" \/><\/a>\n\t\t\t<\/dt><\/dl><dl class='gallery-item'>\n\t\t\t<dt class='gallery-icon landscape'>\n\t\t\t\t<a href='https:\/\/parkkajetany.pl\/wp-content\/uploads\/2017\/04\/UNADJUSTEDNONRAW_thumb_2f62.jpg'><img width=\"336\" height=\"224\" src=\"https:\/\/parkkajetany.pl\/wp-content\/uploads\/2017\/04\/UNADJUSTEDNONRAW_thumb_2f62-336x224.jpg\" class=\"attachment-thumbnail size-thumbnail\" alt=\"\" loading=\"lazy\" srcset=\"https:\/\/parkkajetany.pl\/wp-content\/uploads\/2017\/04\/UNADJUSTEDNONRAW_thumb_2f62-336x224.jpg 336w, https:\/\/parkkajetany.pl\/wp-content\/uploads\/2017\/04\/UNADJUSTEDNONRAW_thumb_2f62-744x496.jpg 744w, https:\/\/parkkajetany.pl\/wp-content\/uploads\/2017\/04\/UNADJUSTEDNONRAW_thumb_2f62-768x512.jpg 768w, https:\/\/parkkajetany.pl\/wp-content\/uploads\/2017\/04\/UNADJUSTEDNONRAW_thumb_2f62-272x182.jpg 272w, https:\/\/parkkajetany.pl\/wp-content\/uploads\/2017\/04\/UNADJUSTEDNONRAW_thumb_2f62.jpg 1086w\" sizes=\"(max-width: 336px) 100vw, 336px\" data-attachment-id=\"835\" data-permalink=\"https:\/\/parkkajetany.pl\/pl\/unadjustednonraw_thumb_2f62\/\" data-orig-file=\"https:\/\/parkkajetany.pl\/wp-content\/uploads\/2017\/04\/UNADJUSTEDNONRAW_thumb_2f62.jpg\" data-orig-size=\"1086,724\" data-comments-opened=\"0\" data-image-meta=\"{&quot;aperture&quot;:&quot;0&quot;,&quot;credit&quot;:&quot;&quot;,&quot;camera&quot;:&quot;&quot;,&quot;caption&quot;:&quot;&quot;,&quot;created_timestamp&quot;:&quot;0&quot;,&quot;copyright&quot;:&quot;&quot;,&quot;focal_length&quot;:&quot;0&quot;,&quot;iso&quot;:&quot;0&quot;,&quot;shutter_speed&quot;:&quot;0&quot;,&quot;title&quot;:&quot;&quot;,&quot;orientation&quot;:&quot;1&quot;}\" data-image-title=\"UNADJUSTEDNONRAW_thumb_2f62\" data-image-description=\"\" data-image-caption=\"\" data-medium-file=\"https:\/\/parkkajetany.pl\/wp-content\/uploads\/2017\/04\/UNADJUSTEDNONRAW_thumb_2f62-744x496.jpg\" data-large-file=\"https:\/\/parkkajetany.pl\/wp-content\/uploads\/2017\/04\/UNADJUSTEDNONRAW_thumb_2f62.jpg\" \/><\/a>\n\t\t\t<\/dt><\/dl><dl class='gallery-item'>\n\t\t\t<dt class='gallery-icon landscape'>\n\t\t\t\t<a href='https:\/\/parkkajetany.pl\/wp-content\/uploads\/2016\/10\/MG_1312.jpg'><img width=\"336\" height=\"228\" src=\"https:\/\/parkkajetany.pl\/wp-content\/uploads\/2016\/10\/MG_1312-336x228.jpg\" class=\"attachment-thumbnail size-thumbnail\" alt=\"\" loading=\"lazy\" data-attachment-id=\"341\" data-permalink=\"https:\/\/parkkajetany.pl\/pl\/atrakcje\/_mg_1312\/#main\" data-orig-file=\"https:\/\/parkkajetany.pl\/wp-content\/uploads\/2016\/10\/MG_1312.jpg\" data-orig-size=\"2048,1328\" data-comments-opened=\"0\" data-image-meta=\"{&quot;aperture&quot;:&quot;7.1&quot;,&quot;credit&quot;:&quot;&quot;,&quot;camera&quot;:&quot;Canon EOS 5D Mark II&quot;,&quot;caption&quot;:&quot;&quot;,&quot;created_timestamp&quot;:&quot;1276250962&quot;,&quot;copyright&quot;:&quot;&quot;,&quot;focal_length&quot;:&quot;24&quot;,&quot;iso&quot;:&quot;200&quot;,&quot;shutter_speed&quot;:&quot;0.003125&quot;,&quot;title&quot;:&quot;&quot;,&quot;orientation&quot;:&quot;1&quot;}\" data-image-title=\"_MG_1312\" data-image-description=\"\" data-image-caption=\"\" data-medium-file=\"https:\/\/parkkajetany.pl\/wp-content\/uploads\/2016\/10\/MG_1312-744x482.jpg\" data-large-file=\"https:\/\/parkkajetany.pl\/wp-content\/uploads\/2016\/10\/MG_1312-1200x778.jpg\" \/><\/a>\n\t\t\t<\/dt><\/dl><dl class='gallery-item'>\n\t\t\t<dt class='gallery-icon landscape'>\n\t\t\t\t<a href='https:\/\/parkkajetany.pl\/wp-content\/uploads\/2016\/10\/DSC_6454a.jpg'><img width=\"336\" height=\"228\" src=\"https:\/\/parkkajetany.pl\/wp-content\/uploads\/2016\/10\/DSC_6454a-336x228.jpg\" class=\"attachment-thumbnail size-thumbnail\" alt=\"\" loading=\"lazy\" data-attachment-id=\"353\" data-permalink=\"https:\/\/parkkajetany.pl\/pl\/galeria\/dsc_6454a\/#main\" data-orig-file=\"https:\/\/parkkajetany.pl\/wp-content\/uploads\/2016\/10\/DSC_6454a.jpg\" data-orig-size=\"1024,683\" data-comments-opened=\"0\" data-image-meta=\"{&quot;aperture&quot;:&quot;8&quot;,&quot;credit&quot;:&quot;&quot;,&quot;camera&quot;:&quot;NIKON D7200&quot;,&quot;caption&quot;:&quot;&quot;,&quot;created_timestamp&quot;:&quot;1463310845&quot;,&quot;copyright&quot;:&quot;&quot;,&quot;focal_length&quot;:&quot;34&quot;,&quot;iso&quot;:&quot;250&quot;,&quot;shutter_speed&quot;:&quot;0.002&quot;,&quot;title&quot;:&quot;&quot;,&quot;orientation&quot;:&quot;1&quot;}\" data-image-title=\"DSC_6454a\" data-image-description=\"\" data-image-caption=\"\" data-medium-file=\"https:\/\/parkkajetany.pl\/wp-content\/uploads\/2016\/10\/DSC_6454a-744x496.jpg\" data-large-file=\"https:\/\/parkkajetany.pl\/wp-content\/uploads\/2016\/10\/DSC_6454a.jpg\" \/><\/a>\n\t\t\t<\/dt><\/dl><br style=\"clear: both\" \/>\n\t\t<\/div>\n\n","protected":false},"excerpt":{"rendered":"<p>Muzeum \u015alimaka Znajduje si\u0119 w bezpo\u015brednim s\u0105siedztwie Recepcji Hotelu Park Kajetany***. Zosta\u0142o otwarte w roku 2011 r. dzi\u0119ki przekazaniu prywatnej kolekcji profesora Henryka Skar\u017cy\u0144skiego. 15 lipca 2012 r. w Kajetanach, z wynikiem 1377 \u015blimak\u00f3w, zosta\u0142 pobity Rekord Guinessa w kategorii \u201eNajwi\u0119kszy zbi\u00f3r przedmiot\u00f3w z podobizn\u0105, wizerunkiem i o wygl\u0105dzie \u015blimaka\u201d&#8230;. <\/p>\n","protected":false},"author":2,"featured_media":552,"parent":0,"menu_order":0,"comment_status":"closed","ping_status":"closed","template":"","meta":[],"categories":[],"tags":[],"aioseo_notices":[],"jetpack_shortlink":"https:\/\/wp.me\/P8N4s2-4y","_links":{"self":[{"href":"https:\/\/parkkajetany.pl\/pl\/wp-json\/wp\/v2\/pages\/282"}],"collection":[{"href":"https:\/\/parkkajetany.pl\/pl\/wp-json\/wp\/v2\/pages"}],"about":[{"href":"https:\/\/parkkajetany.pl\/pl\/wp-json\/wp\/v2\/types\/page"}],"author":[{"embeddable":true,"href":"https:\/\/parkkajetany.pl\/pl\/wp-json\/wp\/v2\/users\/2"}],"replies":[{"embeddable":true,"href":"https:\/\/parkkajetany.pl\/pl\/wp-json\/wp\/v2\/comments?post=282"}],"version-history":[{"count":2,"href":"https:\/\/parkkajetany.pl\/pl\/wp-json\/wp\/v2\/pages\/282\/revisions"}],"predecessor-version":[{"id":1492,"href":"https:\/\/parkkajetany.pl\/pl\/wp-json\/wp\/v2\/pages\/282\/revisions\/1492"}],"wp:featuredmedia":[{"embeddable":true,"href":"https:\/\/parkkajetany.pl\/pl\/wp-json\/wp\/v2\/media\/552"}],"wp:attachment":[{"href":"https:\/\/parkkajetany.pl\/pl\/wp-json\/wp\/v2\/media?parent=282"}],"wp:term":[{"taxonomy":"category","embeddable":true,"href":"https:\/\/parkkajetany.pl\/pl\/wp-json\/wp\/v2\/categories?post=282"},{"taxonomy":"post_tag","embeddable":true,"href":"https:\/\/parkkajetany.pl\/pl\/wp-json\/wp\/v2\/tags?post=282"}],"curies":[{"name":"wp","href":"https:\/\/api.w.org\/{rel}","templated":true}]}}