{"id":25,"date":"2016-10-07T14:37:11","date_gmt":"2016-10-07T14:37:11","guid":{"rendered":"https:\/\/parkkajetany.pl\/?page_id=25"},"modified":"2017-04-07T11:48:38","modified_gmt":"2017-04-07T11:48:38","slug":"pokoje","status":"publish","type":"page","link":"https:\/\/parkkajetany.pl\/pl\/pokoje\/","title":{"rendered":"POKOJE"},"content":{"rendered":"<h3 class=\"m_9048519037104786821MsoListParagraph\">STANDARD<\/h3>\n<ul>\n<li>Internet WI-FI<\/li>\n<li>40&#8221; telewizor LCD<\/li>\n<li>Po\u015bciel antyalergiczna<\/li>\n<li>Dwa pojedyncze \u0142\u00f3\u017cka<\/li>\n<li>Du\u017ce biurko do pracy<\/li>\n<li>Klimatyzacja<\/li>\n<li>Podgrzewana pod\u0142oga w \u0142azience<\/li>\n<li>Suszarka do w\u0142os\u00f3w<\/li>\n<li>Sejf<\/li>\n<li>Lod\u00f3wka<\/li>\n<li>Telefon<\/li>\n<\/ul>\n<ul>\n<li>\u0141azienka z prysznicem<\/li>\n<\/ul>\n<h3>SUPERIOR<\/h3>\n<ul>\n<li>Internet WI-FI<\/li>\n<li>40&#8221; telewizor LCD<\/li>\n<li>Po\u015bciel antyalergiczna<\/li>\n<li>Du\u017ce podw\u00f3jne \u0142\u00f3\u017cko<\/li>\n<li>Du\u017ce biurko do pracy<\/li>\n<li>Klimatyzacja<\/li>\n<li>Podgrzewana pod\u0142oga w \u0142azience<\/li>\n<li>Suszarka do w\u0142os\u00f3w<\/li>\n<li>Sejf<\/li>\n<li>Lod\u00f3wka<\/li>\n<li>Telefon<\/li>\n<\/ul>\n<ul>\n<li>\u0141azienka z wann\u0105<\/li>\n<\/ul>\n<ul>\n<li>Zestaw powitalny<\/li>\n<\/ul>\n<h3>APARTAMENT<\/h3>\n<ul>\n<li>50&#8221; telewizor LCD w pokoju dziennym<\/li>\n<\/ul>\n<ul>\n<li>40&#8221; telewizor LCD w sypialni<\/li>\n<\/ul>\n<ul>\n<li>Po\u015bciel antyalergiczna<\/li>\n<li>Du\u017ce podw\u00f3jne \u0142\u00f3\u017cko<\/li>\n<li>Du\u017ce biurko do pracy<\/li>\n<li>Klimatyzacja<\/li>\n<li>Podgrzewana pod\u0142oga w \u0142azience i toalecie<\/li>\n<li>Suszarka do w\u0142os\u00f3w<\/li>\n<li>Sejf<\/li>\n<li>Lod\u00f3wka<\/li>\n<li>Telefon<\/li>\n<\/ul>\n<ul>\n<li>Zestaw powitalny<\/li>\n<\/ul>\n<ul>\n<li>Express kapsu\u0142owy<\/li>\n<\/ul>\n<ul>\n<li>Wanna z hydromasa\u017cem<\/li>\n<\/ul>\n<ul>\n<li>Prysznic<\/li>\n<\/ul>\n<ul>\n<li>Oddzielne WC<\/li>\n<\/ul>\n<ul>\n<li>Oddzielna garderoba<\/li>\n<\/ul>\n<h3>US\u0141UGI<\/h3>\n<ul>\n<li>Budzenie na telefon,<\/li>\n<li>Dostawka,<\/li>\n<li>Prasowanie,<\/li>\n<li>Pranie,<\/li>\n<li><span style=\"color: #00000a;\"><span style=\"font-size: medium;\"><span lang=\"pl-PL\">Faks i ksero<\/span><\/span><\/span><\/li>\n<\/ul>\n<h3>UDOGODNIENIA<\/h3>\n<ul>\n<li>Ca\u0142odobowa Recepcja<\/li>\n<li>Przechowanie baga\u017cu<\/li>\n<li><span style=\"color: #00000a;\"><span style=\"font-size: medium;\"><span lang=\"pl-PL\">\u0141\u00f3\u017ceczko dla niemowl\u0105t<\/span><\/span><\/span><\/li>\n<li><span style=\"color: #00000a;\"><span style=\"font-size: medium;\"><span lang=\"pl-PL\">Dodatkowy koc<\/span><\/span><\/span><\/li>\n<li><span style=\"color: #00000a;\"><span style=\"font-size: medium;\"><span lang=\"pl-PL\">Wys\u0142anie poczty lub zam\u00f3wienie kuriera<\/span><\/span><\/span><\/li>\n<li>Parking<\/li>\n<li>Restauracja<\/li>\n<li>Sale konferencyjne<\/li>\n<li>Ochrona budynku<\/li>\n<li>Sklep<\/li>\n<li>Ogr\u00f3d<\/li>\n<li>Hala sportowa<\/li>\n<li>Jazda konna<\/li>\n<li>Apteka<\/li>\n<\/ul>\n<ul>\n<li><span style=\"color: #00000a;\"><span style=\"font-size: medium;\"><span lang=\"pl-PL\">Maszyna do czyszczenia but\u00f3w (w planach)<\/span><\/span><\/span><\/li>\n<li>Spa (w planach)<\/li>\n<li>Basen (w planach)<\/li>\n<li>Wypo\u017cyczalnia rower\u00f3w (w planach)<\/li>\n<\/ul>\n","protected":false},"excerpt":{"rendered":"<p>STANDARD Internet WI-FI 40&#8221; telewizor LCD Po\u015bciel antyalergiczna Dwa pojedyncze \u0142\u00f3\u017cka Du\u017ce biurko do pracy Klimatyzacja Podgrzewana pod\u0142oga w \u0142azience Suszarka do w\u0142os\u00f3w Sejf Lod\u00f3wka Telefon \u0141azienka z prysznicem SUPERIOR Internet WI-FI 40&#8221; telewizor LCD Po\u015bciel antyalergiczna Du\u017ce podw\u00f3jne \u0142\u00f3\u017cko Du\u017ce biurko do pracy Klimatyzacja Podgrzewana pod\u0142oga w \u0142azience Suszarka&#8230; <\/p>\n","protected":false},"author":2,"featured_media":355,"parent":0,"menu_order":0,"comment_status":"closed","ping_status":"closed","template":"","meta":[],"categories":[],"tags":[],"aioseo_notices":[],"jetpack_shortlink":"https:\/\/wp.me\/P8N4s2-p","_links":{"self":[{"href":"https:\/\/parkkajetany.pl\/pl\/wp-json\/wp\/v2\/pages\/25"}],"collection":[{"href":"https:\/\/parkkajetany.pl\/pl\/wp-json\/wp\/v2\/pages"}],"about":[{"href":"https:\/\/parkkajetany.pl\/pl\/wp-json\/wp\/v2\/types\/page"}],"author":[{"embeddable":true,"href":"https:\/\/parkkajetany.pl\/pl\/wp-json\/wp\/v2\/users\/2"}],"replies":[{"embeddable":true,"href":"https:\/\/parkkajetany.pl\/pl\/wp-json\/wp\/v2\/comments?post=25"}],"version-history":[{"count":0,"href":"https:\/\/parkkajetany.pl\/pl\/wp-json\/wp\/v2\/pages\/25\/revisions"}],"wp:featuredmedia":[{"embeddable":true,"href":"https:\/\/parkkajetany.pl\/pl\/wp-json\/wp\/v2\/media\/355"}],"wp:attachment":[{"href":"https:\/\/parkkajetany.pl\/pl\/wp-json\/wp\/v2\/media?parent=25"}],"wp:term":[{"taxonomy":"category","embeddable":true,"href":"https:\/\/parkkajetany.pl\/pl\/wp-json\/wp\/v2\/categories?post=25"},{"taxonomy":"post_tag","embeddable":true,"href":"https:\/\/parkkajetany.pl\/pl\/wp-json\/wp\/v2\/tags?post=25"}],"curies":[{"name":"wp","href":"https:\/\/api.w.org\/{rel}","templated":true}]}}