{"id":2250,"date":"2020-11-02T17:56:39","date_gmt":"2020-11-02T17:56:39","guid":{"rendered":"https:\/\/parkkajetany.pl\/?page_id=2250"},"modified":"2020-11-02T17:56:39","modified_gmt":"2020-11-02T17:56:39","slug":"dotacja-na-kapital-obrotowy-dla-park-kajetany-sp-z-o-o","status":"publish","type":"page","link":"https:\/\/parkkajetany.pl\/pl\/dotacja-na-kapital-obrotowy-dla-park-kajetany-sp-z-o-o\/","title":{"rendered":"Dotacja na kapita\u0142 obrotowy dla Park Kajetany Sp. z o.o."},"content":{"rendered":"<div><img loading=\"lazy\" class=\"size-full wp-image-2248 aligncenter\" src=\"https:\/\/parkkajetany.pl\/wp-content\/uploads\/2020\/10\/FE.png\" alt=\"\" width=\"696\" height=\"79\" srcset=\"https:\/\/parkkajetany.pl\/wp-content\/uploads\/2020\/10\/FE.png 696w, https:\/\/parkkajetany.pl\/wp-content\/uploads\/2020\/10\/FE-336x38.png 336w\" sizes=\"(max-width: 696px) 100vw, 696px\" \/><\/div>\n<div><\/div>\n<div><strong>Tytu\u0142 projektu:<\/strong>\u00a0Dotacja na kapita\u0142 obrotowy dla Park Kajetany Sp. z o.o.<\/div>\n<div><strong>Opis projektu:<\/strong>\u00a0Projekt dotyczy wsparcia przedsi\u0119biorcy w zakresie zapewnienia p\u0142ynno\u015bci finansowej oraz wsparcia bie\u017c\u0105cej dzia\u0142alno\u015bci w zwi\u0105zku z trudno\u015bciami finansowymi, kt\u00f3re wyst\u0105pi\u0142y u przedsi\u0119biorcy wskutek epidemii COVID-19. Pomoc finansowa udzielana na podstawie programu nr SA.57015 (2020\/N)<\/div>\n<div>\n<div><strong>Beneficjent:<\/strong>\u00a0Park Kajetany Sp. z o.o.<\/div>\n<div><strong>Warto\u015b\u0107 projektu:<\/strong>\u00a099 851,95 PLN<\/div>\n<div><strong>Warto\u015b\u0107 dofinansowania:<\/strong>\u00a099 851,95 PLN<\/div>\n<div><strong>Okres realizacji:<\/strong>\u00a001.09.2020 \u2013 30.11.2020<\/div>\n<div><strong>Program operacyjny:<\/strong>\u00a0Program Operacyjny Inteligentny Rozw\u00f3j<\/div>\n<div><strong>O\u015b priorytetowa:<\/strong>\u00a03 Wsparcie innowacji w przedsi\u0119biorstwach<\/div>\n<div><strong>Dzia\u0142anie<\/strong>: 3.4 Dotacje na kapita\u0142 obrotowy<\/div>\n<div><strong>Nr naboru:<\/strong>\u00a0POIR.03.04.00-IP.03-00-001\/20<\/div>\n<div><strong>Rodzaj projektu:<\/strong>\u00a0nadzwyczajny<\/div>\n<\/div>\n","protected":false},"excerpt":{"rendered":"<p>Tytu\u0142 projektu:\u00a0Dotacja na kapita\u0142 obrotowy dla Park Kajetany Sp. z o.o. Opis projektu:\u00a0Projekt dotyczy wsparcia przedsi\u0119biorcy w zakresie zapewnienia p\u0142ynno\u015bci finansowej oraz wsparcia bie\u017c\u0105cej dzia\u0142alno\u015bci w zwi\u0105zku z trudno\u015bciami finansowymi, kt\u00f3re wyst\u0105pi\u0142y u przedsi\u0119biorcy wskutek epidemii COVID-19. Pomoc finansowa udzielana na podstawie programu nr SA.57015 (2020\/N) Beneficjent:\u00a0Park Kajetany Sp. z&#8230; <\/p>\n","protected":false},"author":2,"featured_media":0,"parent":0,"menu_order":0,"comment_status":"closed","ping_status":"closed","template":"","meta":[],"categories":[],"tags":[],"aioseo_notices":[],"jetpack_shortlink":"https:\/\/wp.me\/P8N4s2-Ai","_links":{"self":[{"href":"https:\/\/parkkajetany.pl\/pl\/wp-json\/wp\/v2\/pages\/2250"}],"collection":[{"href":"https:\/\/parkkajetany.pl\/pl\/wp-json\/wp\/v2\/pages"}],"about":[{"href":"https:\/\/parkkajetany.pl\/pl\/wp-json\/wp\/v2\/types\/page"}],"author":[{"embeddable":true,"href":"https:\/\/parkkajetany.pl\/pl\/wp-json\/wp\/v2\/users\/2"}],"replies":[{"embeddable":true,"href":"https:\/\/parkkajetany.pl\/pl\/wp-json\/wp\/v2\/comments?post=2250"}],"version-history":[{"count":1,"href":"https:\/\/parkkajetany.pl\/pl\/wp-json\/wp\/v2\/pages\/2250\/revisions"}],"predecessor-version":[{"id":2251,"href":"https:\/\/parkkajetany.pl\/pl\/wp-json\/wp\/v2\/pages\/2250\/revisions\/2251"}],"wp:attachment":[{"href":"https:\/\/parkkajetany.pl\/pl\/wp-json\/wp\/v2\/media?parent=2250"}],"wp:term":[{"taxonomy":"category","embeddable":true,"href":"https:\/\/parkkajetany.pl\/pl\/wp-json\/wp\/v2\/categories?post=2250"},{"taxonomy":"post_tag","embeddable":true,"href":"https:\/\/parkkajetany.pl\/pl\/wp-json\/wp\/v2\/tags?post=2250"}],"curies":[{"name":"wp","href":"https:\/\/api.w.org\/{rel}","templated":true}]}}